{"id":2151,"date":"2020-12-01T09:57:32","date_gmt":"2020-12-01T09:57:32","guid":{"rendered":"https:\/\/augresdutemps.com\/?post_type=product&#038;p=2151"},"modified":"2026-03-10T13:30:54","modified_gmt":"2026-03-10T13:30:54","slug":"pot-a-cactees-petit-modele-avec-dessous-de-pot-2","status":"publish","type":"product","link":"https:\/\/augresdutemps.com\/en\/produit\/pot-a-cactees-petit-modele-avec-dessous-de-pot-2\/","title":{"rendered":"(FR) Pot \u00e0 cact\u00e9es petit mod\u00e8le avec dessous de pot"},"content":{"rendered":"","protected":false},"excerpt":{"rendered":"","protected":false},"featured_media":2103,"template":"","meta":{"_acf_changed":false,"_exactmetrics_skip_tracking":false,"_exactmetrics_sitenote_active":false,"_exactmetrics_sitenote_note":"","_exactmetrics_sitenote_category":0,"_monsterinsights_skip_tracking":false,"_monsterinsights_sitenote_active":false,"_monsterinsights_sitenote_note":"","_monsterinsights_sitenote_category":0},"product_brand":[],"product_cat":[46],"product_tag":[],"class_list":{"0":"post-2151","1":"product","2":"type-product","3":"status-publish","4":"has-post-thumbnail","6":"product_cat-pots-a-cactees-et-a-auricules","8":"first","9":"outofstock","10":"purchasable","11":"product-type-simple"},"acf":[],"aioseo_notices":[],"jetpack_sharing_enabled":true,"_links":{"self":[{"href":"https:\/\/augresdutemps.com\/en\/wp-json\/wp\/v2\/product\/2151","targetHints":{"allow":["GET"]}}],"collection":[{"href":"https:\/\/augresdutemps.com\/en\/wp-json\/wp\/v2\/product"}],"about":[{"href":"https:\/\/augresdutemps.com\/en\/wp-json\/wp\/v2\/types\/product"}],"wp:featuredmedia":[{"embeddable":true,"href":"https:\/\/augresdutemps.com\/en\/wp-json\/wp\/v2\/media\/2103"}],"wp:attachment":[{"href":"https:\/\/augresdutemps.com\/en\/wp-json\/wp\/v2\/media?parent=2151"}],"wp:term":[{"taxonomy":"product_brand","embeddable":true,"href":"https:\/\/augresdutemps.com\/en\/wp-json\/wp\/v2\/product_brand?post=2151"},{"taxonomy":"product_cat","embeddable":true,"href":"https:\/\/augresdutemps.com\/en\/wp-json\/wp\/v2\/product_cat?post=2151"},{"taxonomy":"product_tag","embeddable":true,"href":"https:\/\/augresdutemps.com\/en\/wp-json\/wp\/v2\/product_tag?post=2151"}],"curies":[{"name":"wp","href":"https:\/\/api.w.org\/{rel}","templated":true}]}}